{"id":557,"date":"2018-06-21T19:35:10","date_gmt":"2018-06-21T19:35:10","guid":{"rendered":"http:\/\/www.espaieventsmolins.com\/?page_id=557"},"modified":"2025-01-16T13:12:38","modified_gmt":"2025-01-16T13:12:38","slug":"reserva","status":"publish","type":"page","link":"https:\/\/www.espaieventsmolins.com\/index.php\/es\/reserva\/","title":{"rendered":"Reserva"},"content":{"rendered":"<p><span style=\"color: #800000;\"><strong>RESERVA<\/strong><\/span><\/p>\n<p>La reserva se realizar\u00e1 mediante llamada telef\u00f3nica al 639 35 30 70 o por correo electr\u00f3nico a&nbsp;<strong>lagraelladecancoll@gmail.com<\/strong><\/p>\n<p>Para confirmar la reserva se enviar\u00e1 copia del DNI de la persona responsable* y se abonar\u00e1 en una cuenta que les indicaremos en el contrato la cantidad de <strong>150.-\u20ac <\/strong>con el concepto: <strong>(nombre del arrendatario) RESERVA.<\/strong><\/p>\n<p><strong>*La persona responsable tiene que ser mayor de 30 a\u00f1os.<\/strong><\/p>\n<p><strong><strong>En caso de anulaci\u00f3n de la reserva:<\/strong><br \/>\n-Se devolver\u00e1 el importe total de esta reserva si el arrendatario avisa 20 d\u00edas antes del acontecimiento, en el caso contrario, no.<\/strong><\/p>\n<p><strong><span style=\"color: #800000;\"><strong>FIANZA<\/strong><\/span><\/strong><\/p>\n<p>El importe de la reserva se convertir\u00e1 en la fianza, no se descontar\u00e1 del importe total y se devolver\u00e1 dos d\u00edas despu\u00e9s de haber finalizado el evento una vez comprobado el estado \u00f3ptimo de las instalaciones y enseres.<\/p>\n<p>CONSULTAR:&nbsp;<span style=\"color: #800000;\"><strong><a style=\"color: #800000;\" href=\"http:\/\/www.espaieventsmolins.com\/index.php\/es\/normas-de-uso\/\">NORMAS DE USO<\/a><\/strong><\/span><\/p>\n<p><span style=\"color: #800000;\"><strong>ALQUILER<\/strong><\/span><\/p>\n<div class=\"btns-llengues row\">\n<div class=\"col-xs-12\">\n<div class=\"btns-llengues-origen btn-group\" role=\"group\">\n<div class=\"btn-group\" role=\"group\">\n<div id=\"div_select_origin\">\n<div class=\"form-control second-textarea\">El alquiler, y si se tercia, los servicios adicionales contratados, quedar\u00e1n reflejados en un contrato y la cantidad resultante se tendr\u00e1 que abonar mediante ingreso a una cuenta que les indicaremos en el contrato m\u00ednimo tres d\u00edas antes del acontecimiento con la indicaci\u00f3n de concepto: <strong>(nombre del arrendatario) ALQUILER.<\/strong><\/p>\n<\/div>\n<form class=\"formulari form-horizontal\"><\/form>\n<p><span style=\"color: #800000;\"><strong>RETORNO DE LA FIANZA<\/strong><\/span><\/p>\n<p>De estar todo correcto, esta fianza se devolver\u00e1, no m\u00e1s tarde de dos\/tres d\u00edas mediante transferencia bancaria, a una cuenta facilitada por el arrendatario.<\/p>\n<\/div>\n<\/div>\n<\/div>\n<\/div>\n<\/div>\n","protected":false},"excerpt":{"rendered":"<p>RESERVA La reserva se realizar\u00e1 mediante llamada telef\u00f3nica al 639 35 30 70 o por correo electr\u00f3nico a&nbsp;lagraelladecancoll@gmail.com Para confirmar la reserva se enviar\u00e1 copia del DNI de la persona responsable* y se abonar\u00e1 en una cuenta que les indicaremos en el contrato la cantidad de 150.-\u20ac con el concepto: (nombre del arrendatario) RESERVA. *La&#8230; <\/p>\n<div class=\"link-more\"><a href=\"https:\/\/www.espaieventsmolins.com\/index.php\/es\/reserva\/\">Leer M\u00e1s<\/a><\/div>\n","protected":false},"author":1,"featured_media":0,"parent":0,"menu_order":0,"comment_status":"closed","ping_status":"closed","template":"","meta":[],"yoast_head":"<!-- This site is optimized with the Yoast SEO plugin v17.6 - https:\/\/yoast.com\/wordpress\/plugins\/seo\/ -->\n<title>Reserva -<\/title>\n<meta name=\"description\" content=\"La reserva se realizar\u00e1 mediante llamada telef\u00f3nica al 639 35 30 70 o por correo electr\u00f3nico a\u00a0lagraelladecancoll@gmail.com\" \/>\n<meta name=\"robots\" content=\"index, follow, max-snippet:-1, max-image-preview:large, max-video-preview:-1\" \/>\n<link rel=\"canonical\" href=\"https:\/\/www.espaieventsmolins.com\/index.php\/es\/reserva\/\" \/>\n<meta property=\"og:locale\" content=\"es_ES\" \/>\n<meta property=\"og:type\" content=\"article\" \/>\n<meta property=\"og:title\" content=\"Reserva -\" \/>\n<meta property=\"og:description\" content=\"La reserva se realizar\u00e1 mediante llamada telef\u00f3nica al 639 35 30 70 o por correo electr\u00f3nico a\u00a0lagraelladecancoll@gmail.com\" \/>\n<meta property=\"og:url\" content=\"https:\/\/www.espaieventsmolins.com\/index.php\/es\/reserva\/\" \/>\n<meta property=\"article:publisher\" content=\"https:\/\/www.facebook.com\/espaieventsmolins\/\" \/>\n<meta property=\"article:modified_time\" content=\"2025-01-16T13:12:38+00:00\" \/>\n<meta name=\"twitter:card\" content=\"summary_large_image\" \/>\n<meta name=\"twitter:label1\" content=\"Tiempo de lectura\" \/>\n\t<meta name=\"twitter:data1\" content=\"1 minuto\" \/>\n<script type=\"application\/ld+json\" class=\"yoast-schema-graph\">{\"@context\":\"https:\/\/schema.org\",\"@graph\":[{\"@type\":\"Organization\",\"@id\":\"https:\/\/www.espaieventsmolins.com\/#organization\",\"name\":\"La graella de Can Coll\",\"url\":\"https:\/\/www.espaieventsmolins.com\/\",\"sameAs\":[\"https:\/\/www.facebook.com\/espaieventsmolins\/\",\"https:\/\/www.instagram.com\/lagraelladecancoll\/\"],\"logo\":{\"@type\":\"ImageObject\",\"@id\":\"https:\/\/www.espaieventsmolins.com\/#logo\",\"inLanguage\":\"es\",\"url\":\"http:\/\/www.espaieventsmolins.com\/wp-content\/uploads\/2018\/05\/cropped-can-coll4-1.jpg\",\"contentUrl\":\"http:\/\/www.espaieventsmolins.com\/wp-content\/uploads\/2018\/05\/cropped-can-coll4-1.jpg\",\"width\":752,\"height\":752,\"caption\":\"La graella de Can Coll\"},\"image\":{\"@id\":\"https:\/\/www.espaieventsmolins.com\/#logo\"}},{\"@type\":\"WebSite\",\"@id\":\"https:\/\/www.espaieventsmolins.com\/#website\",\"url\":\"https:\/\/www.espaieventsmolins.com\/\",\"name\":\"\",\"description\":\"\",\"publisher\":{\"@id\":\"https:\/\/www.espaieventsmolins.com\/#organization\"},\"potentialAction\":[{\"@type\":\"SearchAction\",\"target\":{\"@type\":\"EntryPoint\",\"urlTemplate\":\"https:\/\/www.espaieventsmolins.com\/?s={search_term_string}\"},\"query-input\":\"required name=search_term_string\"}],\"inLanguage\":\"es\"},{\"@type\":\"WebPage\",\"@id\":\"https:\/\/www.espaieventsmolins.com\/index.php\/es\/reserva\/#webpage\",\"url\":\"https:\/\/www.espaieventsmolins.com\/index.php\/es\/reserva\/\",\"name\":\"Reserva -\",\"isPartOf\":{\"@id\":\"https:\/\/www.espaieventsmolins.com\/#website\"},\"datePublished\":\"2018-06-21T19:35:10+00:00\",\"dateModified\":\"2025-01-16T13:12:38+00:00\",\"description\":\"La reserva se realizar\\u00e1 mediante llamada telef\\u00f3nica al 639 35 30 70 o por correo electr\\u00f3nico a\\u00a0lagraelladecancoll@gmail.com\",\"breadcrumb\":{\"@id\":\"https:\/\/www.espaieventsmolins.com\/index.php\/es\/reserva\/#breadcrumb\"},\"inLanguage\":\"es\",\"potentialAction\":[{\"@type\":\"ReadAction\",\"target\":[\"https:\/\/www.espaieventsmolins.com\/index.php\/es\/reserva\/\"]}]},{\"@type\":\"BreadcrumbList\",\"@id\":\"https:\/\/www.espaieventsmolins.com\/index.php\/es\/reserva\/#breadcrumb\",\"itemListElement\":[{\"@type\":\"ListItem\",\"position\":1,\"name\":\"Portada\",\"item\":\"https:\/\/www.espaieventsmolins.com\/\"},{\"@type\":\"ListItem\",\"position\":2,\"name\":\"Reserva\"}]}]}<\/script>\n<!-- \/ Yoast SEO plugin. -->","yoast_head_json":{"title":"Reserva -","description":"La reserva se realizar\u00e1 mediante llamada telef\u00f3nica al 639 35 30 70 o por correo electr\u00f3nico a\u00a0lagraelladecancoll@gmail.com","robots":{"index":"index","follow":"follow","max-snippet":"max-snippet:-1","max-image-preview":"max-image-preview:large","max-video-preview":"max-video-preview:-1"},"canonical":"https:\/\/www.espaieventsmolins.com\/index.php\/es\/reserva\/","og_locale":"es_ES","og_type":"article","og_title":"Reserva -","og_description":"La reserva se realizar\u00e1 mediante llamada telef\u00f3nica al 639 35 30 70 o por correo electr\u00f3nico a\u00a0lagraelladecancoll@gmail.com","og_url":"https:\/\/www.espaieventsmolins.com\/index.php\/es\/reserva\/","article_publisher":"https:\/\/www.facebook.com\/espaieventsmolins\/","article_modified_time":"2025-01-16T13:12:38+00:00","twitter_card":"summary_large_image","twitter_misc":{"Tiempo de lectura":"1 minuto"},"schema":{"@context":"https:\/\/schema.org","@graph":[{"@type":"Organization","@id":"https:\/\/www.espaieventsmolins.com\/#organization","name":"La graella de Can Coll","url":"https:\/\/www.espaieventsmolins.com\/","sameAs":["https:\/\/www.facebook.com\/espaieventsmolins\/","https:\/\/www.instagram.com\/lagraelladecancoll\/"],"logo":{"@type":"ImageObject","@id":"https:\/\/www.espaieventsmolins.com\/#logo","inLanguage":"es","url":"http:\/\/www.espaieventsmolins.com\/wp-content\/uploads\/2018\/05\/cropped-can-coll4-1.jpg","contentUrl":"http:\/\/www.espaieventsmolins.com\/wp-content\/uploads\/2018\/05\/cropped-can-coll4-1.jpg","width":752,"height":752,"caption":"La graella de Can Coll"},"image":{"@id":"https:\/\/www.espaieventsmolins.com\/#logo"}},{"@type":"WebSite","@id":"https:\/\/www.espaieventsmolins.com\/#website","url":"https:\/\/www.espaieventsmolins.com\/","name":"","description":"","publisher":{"@id":"https:\/\/www.espaieventsmolins.com\/#organization"},"potentialAction":[{"@type":"SearchAction","target":{"@type":"EntryPoint","urlTemplate":"https:\/\/www.espaieventsmolins.com\/?s={search_term_string}"},"query-input":"required name=search_term_string"}],"inLanguage":"es"},{"@type":"WebPage","@id":"https:\/\/www.espaieventsmolins.com\/index.php\/es\/reserva\/#webpage","url":"https:\/\/www.espaieventsmolins.com\/index.php\/es\/reserva\/","name":"Reserva -","isPartOf":{"@id":"https:\/\/www.espaieventsmolins.com\/#website"},"datePublished":"2018-06-21T19:35:10+00:00","dateModified":"2025-01-16T13:12:38+00:00","description":"La reserva se realizar\u00e1 mediante llamada telef\u00f3nica al 639 35 30 70 o por correo electr\u00f3nico a\u00a0lagraelladecancoll@gmail.com","breadcrumb":{"@id":"https:\/\/www.espaieventsmolins.com\/index.php\/es\/reserva\/#breadcrumb"},"inLanguage":"es","potentialAction":[{"@type":"ReadAction","target":["https:\/\/www.espaieventsmolins.com\/index.php\/es\/reserva\/"]}]},{"@type":"BreadcrumbList","@id":"https:\/\/www.espaieventsmolins.com\/index.php\/es\/reserva\/#breadcrumb","itemListElement":[{"@type":"ListItem","position":1,"name":"Portada","item":"https:\/\/www.espaieventsmolins.com\/"},{"@type":"ListItem","position":2,"name":"Reserva"}]}]}},"_links":{"self":[{"href":"https:\/\/www.espaieventsmolins.com\/index.php\/wp-json\/wp\/v2\/pages\/557"}],"collection":[{"href":"https:\/\/www.espaieventsmolins.com\/index.php\/wp-json\/wp\/v2\/pages"}],"about":[{"href":"https:\/\/www.espaieventsmolins.com\/index.php\/wp-json\/wp\/v2\/types\/page"}],"author":[{"embeddable":true,"href":"https:\/\/www.espaieventsmolins.com\/index.php\/wp-json\/wp\/v2\/users\/1"}],"replies":[{"embeddable":true,"href":"https:\/\/www.espaieventsmolins.com\/index.php\/wp-json\/wp\/v2\/comments?post=557"}],"version-history":[{"count":12,"href":"https:\/\/www.espaieventsmolins.com\/index.php\/wp-json\/wp\/v2\/pages\/557\/revisions"}],"predecessor-version":[{"id":1613,"href":"https:\/\/www.espaieventsmolins.com\/index.php\/wp-json\/wp\/v2\/pages\/557\/revisions\/1613"}],"wp:attachment":[{"href":"https:\/\/www.espaieventsmolins.com\/index.php\/wp-json\/wp\/v2\/media?parent=557"}],"curies":[{"name":"wp","href":"https:\/\/api.w.org\/{rel}","templated":true}]}}