{"id":387,"date":"2018-05-31T20:04:01","date_gmt":"2018-05-31T18:04:01","guid":{"rendered":"https:\/\/espaieventsmolins.com\/?page_id=387"},"modified":"2024-12-30T11:21:33","modified_gmt":"2024-12-30T11:21:33","slug":"servicios","status":"publish","type":"page","link":"https:\/\/www.espaieventsmolins.com\/index.php\/es\/servicios\/","title":{"rendered":"Servicios"},"content":{"rendered":"<h5 style=\"text-align: justify;\"><span style=\"color: #993300;\"><strong>CARACTER\u00cdSTICAS DEL LOCAL<\/strong><\/span><\/h5>\n<p>Cocina y comedor interior de 50 m\u00b2.<br \/>\nComedor de 50 m\u00b2.<br \/>\nP\u00e9rgola exterior de 60 m\u00b2.<br \/>\nPatio de 100 m\u00b2.<br \/>\nHuerto y gallinero.<br \/>\n<strong>Adaptado para personas con movilidad reducida.<\/strong><\/p>\n<h5 style=\"text-align: justify;\"><span style=\"color: #993300;\"><strong>EQUIPAMIENTO B\u00c1SICO<\/strong><\/span><\/h5>\n<p>-Mesa de trabajo de acero inox. de dos metros.<br \/>\n-Nevera horizontal de dos metros con tres puertas.<br \/>\n-Botellero refrigerado de tres puertas.<br \/>\n-Congelador.<br \/>\n-Microondas gratinador.<br \/>\n-Fregadero con enseres y jabones.<br \/>\n-Elementos para la limpieza general.<br \/>\n-Bid\u00f3n basura de 80 l.<br \/>\n-Bid\u00f3n basura con ruedas de 120 l.<br \/>\n-Mesas y sillas.<br \/>\n-Calefacci\u00f3n por radiaci\u00f3n.<br \/>\n-Ventiladores.<br \/>\n-Equipo de sonido multimedia con dos altavoces BOSE.<br \/>\n-Televisor 4K de 65&#8243; con conexi\u00f3n HDMI.<br \/>\n-Wifi.<\/p>\n<div class=\"btn-group\" role=\"group\">\n<div id=\"div_select_target\">\n<div><\/div>\n<h5 class=\"form-control second-textarea\"><strong><span style=\"color: #993300;\">EQUIPAMIENTO OPCIONAL<\/span><\/strong><\/h5>\n<p class=\"form-control second-textarea\">-Barbacoa de un metro y medio con enseres: parrillas; besugueras; escobilla; pala; fuelle; pinzas.<br \/>\n-Horno de le\u00f1a con enseres: pala; recojedor brasas; gancho; pala cerrada.<br \/>\n-Cocina de gas de dos fogones.<br \/>\n-Paellero profesional de 60 cm.<br \/>\n-Paellas de; \u00d890, \u00d880, \u00d870, \u00d860 y \u00d850 cm.<br \/>\n-Plancha de \u00d865 cm.<br \/>\n-Sartenes varias.<br \/>\n-Ollas y cazuelas de acero inox.<br \/>\n-Cafetera nespresso con calentador de leche.<br \/>\n-Vajilla, cristaler\u00eda, cubiertos y complementos varios para el menaje.<br \/>\n-Enseres para cocinar.<\/p>\n<div><\/div>\n<div class=\"form-control second-textarea\"><strong>El equipamiento opcional tiene un coste a\u00f1adido. Consultar lista de precios en la pesta\u00f1a \u00a0<span style=\"color: #808080;\"><a style=\"color: #808080;\" href=\"http:\/\/www.espaieventsmolins.com\/index.php\/es\/funcionamiento-y-precios\/\">\u201cfuncionamiento y precios\u201d.<\/a><\/span><\/strong><\/div>\n<\/div>\n<\/div>\n<div><\/div>\n<div>\n<div class=\"traductor-textarea form-group\">\n<div class=\"textarea-desti col-xs-12 col-sm-6\">\n<div><\/div>\n<div><\/div>\n<h5 class=\"form-control second-textarea\"><strong><span style=\"color: #993300;\">SERVICIOS OPCIONALES<\/span><\/strong><\/h5>\n<div><\/div>\n<div>-Servicio de limpieza.<br \/>\n-Suministro de le\u00f1as y carb\u00f3n.<\/div>\n<div><\/div>\n<div><strong style=\"font-size: inherit; font-family: -apple-system, BlinkMacSystemFont, 'Segoe UI', Roboto, Oxygen-Sans, Ubuntu, Cantarell, 'Helvetica Neue', sans-serif;\"><strong style=\"font-size: inherit; font-family: -apple-system, BlinkMacSystemFont, 'Segoe UI', Roboto, Oxygen-Sans, Ubuntu, Cantarell, 'Helvetica Neue', sans-serif;\">Los servicios opcionales tienen un coste a\u00f1adido. Consultar lista de precios en la pesta\u00f1a <span style=\"color: #808080;\"><a style=\"color: #808080;\" href=\"http:\/\/www.espaieventsmolins.com\/index.php\/es\/funcionamiento-y-precios\/\">\u00abfuncionamiento y precios\u00bb<\/a>.<\/span><\/strong><\/strong><\/p>\n<div>\n<div class=\"traductor-textarea form-group\">\n<div class=\"textarea-desti col-xs-12 col-sm-6\">\n<h5><span style=\"color: #993300;\"><strong>SERVICIOS DE C\u00c1TERING \/ COCINERO<\/strong><\/span><\/h5>\n<div><\/div>\n<div><span style=\"color: #000000;\">La contrataci\u00f3n del servicio de catering, as\u00ed como el pago de este servicio, el cliente lo har\u00e1 dir\u00e9ctamente con la empresa escogida, obligando a estos a ponerse en contacto con <em><strong><span style=\"color: #993300;\">La graella de Can Coll<\/span><\/strong><\/em> para informarse de las facilidades, funcionamiento y normas de uso de este local.<\/span><\/div>\n<div><\/div>\n<h5><em><strong><span style=\"color: #993300;\">Empresas recomendadas:<\/span><\/strong><\/em><\/h5>\n<\/div>\n<\/div>\n<\/div>\n<div><\/div>\n<div><span style=\"color: #000000;\"><em><strong>BARBACOA A TU GUSTO<\/strong><\/em><\/span><\/div>\n<div><em>Catering hecho insitu, men\u00fas personalizados realizados por profesionales de la brasa.<\/em><\/div>\n<div><a href=\"http:\/\/barbacoatugusto@gmail.com\" target=\"_blank\" rel=\"noopener\">barbacoatugusto@gmail.com<\/a><\/div>\n<div><a href=\"https:\/\/www.barbacoatugusto.com\" target=\"_blank\" rel=\"noopener\">www.barbacoatugusto.com<\/a><\/div>\n<div>telf. (+34) 611151987 \/ (+34) 660763224<\/div>\n<\/div>\n<\/div>\n<\/div>\n<\/div>\n<div><\/div>\n<div><span style=\"color: #000000;\"><em><strong>K L&#8217;ARNAU I L&#8217;ALEIX<\/strong><\/em><\/span><\/div>\n<div><em>Catering hecho insitu u obrador, men\u00fas de; cocina de mercado y de autor.<\/em><\/div>\n<div><a href=\"http:\/\/info@klarnauilaleix.com\" target=\"_blank\" rel=\"noopener\">info@klarnauilaleix.com<\/a><\/div>\n<div><a href=\"https:\/\/klarnauilaleix.com\" target=\"_blank\" rel=\"noopener\">www.klarnauilaleix.com<\/a><\/div>\n<div>telf. (+34) 67534755 \/ (+34) 931884208<\/div>\n<div><\/div>\n<div><span style=\"color: #000000;\"><em><strong>CROQTONA<\/strong><\/em><\/span><\/div>\n<div><em>Catering hecho insitu u obrador, men\u00fas de; arroces y fideu\u00e1, cocina de mercado y de autor.<\/em><\/div>\n<div><a href=\"http:\/\/croqtona@gmail.com\" target=\"_blank\" rel=\"noopener\">croqtona@gmail.com<\/a><\/div>\n<div><a href=\"https:\/\/croqtona.wixsite.com\/website\" target=\"_blank\" rel=\"noopener\">www.croqtona.com<\/a><\/div>\n<div>telf. (+34) 669632205<\/div>\n<div><\/div>\n<div>\n<div><span style=\"color: #000000;\"><em><strong>D&#8217;AGLA I D&#8217;ENCEBALL S.L.<\/strong><\/em><\/span><\/div>\n<div><em>Catering fr\u00edo hecho insitu de; corte de jam\u00f3n, embutidos de la tierra, ib\u00e9ricos, quesos y encurtidos.<\/em><br \/>\n<a href=\"http:\/\/www.daglaienceball.com\">www.daglaienceball.com<\/a><br \/>\ntelf. (+34) 608381115<\/div>\n<\/div>\n<div>\n<div><\/div>\n<div><span style=\"color: #000000;\"><em><strong>PASTISSERIA ARENAS MOLINS.<\/strong><\/em><\/span><\/div>\n<div><em>Catering fr\u00edo, con entrega en el local, de; canap\u00e9s, cocas saladas, boller\u00eda y pasteler\u00eda.<\/em><br \/>\n<a href=\"http:\/\/www.arenasmolins.cat\">www.arenasmolins.cat<\/a><br \/>\ntelf. (+34) 936681741<\/div>\n<\/div>\n<div><\/div>\n<div><\/div>\n<div><\/div>\n<div>\n<div><\/div>\n<\/div>\n","protected":false},"excerpt":{"rendered":"<p>CARACTER\u00cdSTICAS DEL LOCAL Cocina y comedor interior de 50 m\u00b2. Comedor de 50 m\u00b2. P\u00e9rgola exterior de 60 m\u00b2. Patio de 100 m\u00b2. Huerto y gallinero. Adaptado para personas con movilidad reducida. EQUIPAMIENTO B\u00c1SICO -Mesa de trabajo de acero inox. de dos metros. -Nevera horizontal de dos metros con tres puertas. -Botellero refrigerado de tres&#8230; <\/p>\n<div class=\"link-more\"><a href=\"https:\/\/www.espaieventsmolins.com\/index.php\/es\/servicios\/\">Leer M\u00e1s<\/a><\/div>\n","protected":false},"author":1,"featured_media":0,"parent":0,"menu_order":0,"comment_status":"closed","ping_status":"closed","template":"","meta":[],"yoast_head":"<!-- This site is optimized with the Yoast SEO plugin v17.6 - https:\/\/yoast.com\/wordpress\/plugins\/seo\/ -->\n<title>Servicios -<\/title>\n<meta name=\"robots\" content=\"index, follow, max-snippet:-1, max-image-preview:large, max-video-preview:-1\" \/>\n<link rel=\"canonical\" href=\"https:\/\/www.espaieventsmolins.com\/index.php\/es\/servicios\/\" \/>\n<meta property=\"og:locale\" content=\"es_ES\" \/>\n<meta property=\"og:type\" content=\"article\" \/>\n<meta property=\"og:title\" content=\"Servicios -\" \/>\n<meta property=\"og:description\" content=\"CARACTER\u00cdSTICAS DEL LOCAL Cocina y comedor interior de 50 m\u00b2. Comedor de 50 m\u00b2. P\u00e9rgola exterior de 60 m\u00b2. Patio de 100 m\u00b2. Huerto y gallinero. Adaptado para personas con movilidad reducida. EQUIPAMIENTO B\u00c1SICO -Mesa de trabajo de acero inox. de dos metros. -Nevera horizontal de dos metros con tres puertas. -Botellero refrigerado de tres... Leer M\u00e1s\" \/>\n<meta property=\"og:url\" content=\"https:\/\/www.espaieventsmolins.com\/index.php\/es\/servicios\/\" \/>\n<meta property=\"article:publisher\" content=\"https:\/\/www.facebook.com\/espaieventsmolins\/\" \/>\n<meta property=\"article:modified_time\" content=\"2024-12-30T11:21:33+00:00\" \/>\n<meta name=\"twitter:card\" content=\"summary_large_image\" \/>\n<meta name=\"twitter:label1\" content=\"Tiempo de lectura\" \/>\n\t<meta name=\"twitter:data1\" content=\"2 minutos\" \/>\n<script type=\"application\/ld+json\" class=\"yoast-schema-graph\">{\"@context\":\"https:\/\/schema.org\",\"@graph\":[{\"@type\":\"Organization\",\"@id\":\"https:\/\/www.espaieventsmolins.com\/#organization\",\"name\":\"La graella de Can Coll\",\"url\":\"https:\/\/www.espaieventsmolins.com\/\",\"sameAs\":[\"https:\/\/www.facebook.com\/espaieventsmolins\/\",\"https:\/\/www.instagram.com\/lagraelladecancoll\/\"],\"logo\":{\"@type\":\"ImageObject\",\"@id\":\"https:\/\/www.espaieventsmolins.com\/#logo\",\"inLanguage\":\"es\",\"url\":\"http:\/\/www.espaieventsmolins.com\/wp-content\/uploads\/2018\/05\/cropped-can-coll4-1.jpg\",\"contentUrl\":\"http:\/\/www.espaieventsmolins.com\/wp-content\/uploads\/2018\/05\/cropped-can-coll4-1.jpg\",\"width\":752,\"height\":752,\"caption\":\"La graella de Can Coll\"},\"image\":{\"@id\":\"https:\/\/www.espaieventsmolins.com\/#logo\"}},{\"@type\":\"WebSite\",\"@id\":\"https:\/\/www.espaieventsmolins.com\/#website\",\"url\":\"https:\/\/www.espaieventsmolins.com\/\",\"name\":\"\",\"description\":\"\",\"publisher\":{\"@id\":\"https:\/\/www.espaieventsmolins.com\/#organization\"},\"potentialAction\":[{\"@type\":\"SearchAction\",\"target\":{\"@type\":\"EntryPoint\",\"urlTemplate\":\"https:\/\/www.espaieventsmolins.com\/?s={search_term_string}\"},\"query-input\":\"required name=search_term_string\"}],\"inLanguage\":\"es\"},{\"@type\":\"WebPage\",\"@id\":\"https:\/\/www.espaieventsmolins.com\/index.php\/es\/servicios\/#webpage\",\"url\":\"https:\/\/www.espaieventsmolins.com\/index.php\/es\/servicios\/\",\"name\":\"Servicios -\",\"isPartOf\":{\"@id\":\"https:\/\/www.espaieventsmolins.com\/#website\"},\"datePublished\":\"2018-05-31T18:04:01+00:00\",\"dateModified\":\"2024-12-30T11:21:33+00:00\",\"breadcrumb\":{\"@id\":\"https:\/\/www.espaieventsmolins.com\/index.php\/es\/servicios\/#breadcrumb\"},\"inLanguage\":\"es\",\"potentialAction\":[{\"@type\":\"ReadAction\",\"target\":[\"https:\/\/www.espaieventsmolins.com\/index.php\/es\/servicios\/\"]}]},{\"@type\":\"BreadcrumbList\",\"@id\":\"https:\/\/www.espaieventsmolins.com\/index.php\/es\/servicios\/#breadcrumb\",\"itemListElement\":[{\"@type\":\"ListItem\",\"position\":1,\"name\":\"Portada\",\"item\":\"https:\/\/www.espaieventsmolins.com\/\"},{\"@type\":\"ListItem\",\"position\":2,\"name\":\"Servicios\"}]}]}<\/script>\n<!-- \/ Yoast SEO plugin. -->","yoast_head_json":{"title":"Servicios -","robots":{"index":"index","follow":"follow","max-snippet":"max-snippet:-1","max-image-preview":"max-image-preview:large","max-video-preview":"max-video-preview:-1"},"canonical":"https:\/\/www.espaieventsmolins.com\/index.php\/es\/servicios\/","og_locale":"es_ES","og_type":"article","og_title":"Servicios -","og_description":"CARACTER\u00cdSTICAS DEL LOCAL Cocina y comedor interior de 50 m\u00b2. Comedor de 50 m\u00b2. P\u00e9rgola exterior de 60 m\u00b2. Patio de 100 m\u00b2. Huerto y gallinero. Adaptado para personas con movilidad reducida. EQUIPAMIENTO B\u00c1SICO -Mesa de trabajo de acero inox. de dos metros. -Nevera horizontal de dos metros con tres puertas. -Botellero refrigerado de tres... Leer M\u00e1s","og_url":"https:\/\/www.espaieventsmolins.com\/index.php\/es\/servicios\/","article_publisher":"https:\/\/www.facebook.com\/espaieventsmolins\/","article_modified_time":"2024-12-30T11:21:33+00:00","twitter_card":"summary_large_image","twitter_misc":{"Tiempo de lectura":"2 minutos"},"schema":{"@context":"https:\/\/schema.org","@graph":[{"@type":"Organization","@id":"https:\/\/www.espaieventsmolins.com\/#organization","name":"La graella de Can Coll","url":"https:\/\/www.espaieventsmolins.com\/","sameAs":["https:\/\/www.facebook.com\/espaieventsmolins\/","https:\/\/www.instagram.com\/lagraelladecancoll\/"],"logo":{"@type":"ImageObject","@id":"https:\/\/www.espaieventsmolins.com\/#logo","inLanguage":"es","url":"http:\/\/www.espaieventsmolins.com\/wp-content\/uploads\/2018\/05\/cropped-can-coll4-1.jpg","contentUrl":"http:\/\/www.espaieventsmolins.com\/wp-content\/uploads\/2018\/05\/cropped-can-coll4-1.jpg","width":752,"height":752,"caption":"La graella de Can Coll"},"image":{"@id":"https:\/\/www.espaieventsmolins.com\/#logo"}},{"@type":"WebSite","@id":"https:\/\/www.espaieventsmolins.com\/#website","url":"https:\/\/www.espaieventsmolins.com\/","name":"","description":"","publisher":{"@id":"https:\/\/www.espaieventsmolins.com\/#organization"},"potentialAction":[{"@type":"SearchAction","target":{"@type":"EntryPoint","urlTemplate":"https:\/\/www.espaieventsmolins.com\/?s={search_term_string}"},"query-input":"required name=search_term_string"}],"inLanguage":"es"},{"@type":"WebPage","@id":"https:\/\/www.espaieventsmolins.com\/index.php\/es\/servicios\/#webpage","url":"https:\/\/www.espaieventsmolins.com\/index.php\/es\/servicios\/","name":"Servicios -","isPartOf":{"@id":"https:\/\/www.espaieventsmolins.com\/#website"},"datePublished":"2018-05-31T18:04:01+00:00","dateModified":"2024-12-30T11:21:33+00:00","breadcrumb":{"@id":"https:\/\/www.espaieventsmolins.com\/index.php\/es\/servicios\/#breadcrumb"},"inLanguage":"es","potentialAction":[{"@type":"ReadAction","target":["https:\/\/www.espaieventsmolins.com\/index.php\/es\/servicios\/"]}]},{"@type":"BreadcrumbList","@id":"https:\/\/www.espaieventsmolins.com\/index.php\/es\/servicios\/#breadcrumb","itemListElement":[{"@type":"ListItem","position":1,"name":"Portada","item":"https:\/\/www.espaieventsmolins.com\/"},{"@type":"ListItem","position":2,"name":"Servicios"}]}]}},"_links":{"self":[{"href":"https:\/\/www.espaieventsmolins.com\/index.php\/wp-json\/wp\/v2\/pages\/387"}],"collection":[{"href":"https:\/\/www.espaieventsmolins.com\/index.php\/wp-json\/wp\/v2\/pages"}],"about":[{"href":"https:\/\/www.espaieventsmolins.com\/index.php\/wp-json\/wp\/v2\/types\/page"}],"author":[{"embeddable":true,"href":"https:\/\/www.espaieventsmolins.com\/index.php\/wp-json\/wp\/v2\/users\/1"}],"replies":[{"embeddable":true,"href":"https:\/\/www.espaieventsmolins.com\/index.php\/wp-json\/wp\/v2\/comments?post=387"}],"version-history":[{"count":54,"href":"https:\/\/www.espaieventsmolins.com\/index.php\/wp-json\/wp\/v2\/pages\/387\/revisions"}],"predecessor-version":[{"id":1537,"href":"https:\/\/www.espaieventsmolins.com\/index.php\/wp-json\/wp\/v2\/pages\/387\/revisions\/1537"}],"wp:attachment":[{"href":"https:\/\/www.espaieventsmolins.com\/index.php\/wp-json\/wp\/v2\/media?parent=387"}],"curies":[{"name":"wp","href":"https:\/\/api.w.org\/{rel}","templated":true}]}}