{"id":373,"date":"2018-05-31T19:55:17","date_gmt":"2018-05-31T17:55:17","guid":{"rendered":"https:\/\/espaieventsmolins.com\/?page_id=373"},"modified":"2025-01-16T13:15:03","modified_gmt":"2025-01-16T13:15:03","slug":"contacto-2","status":"publish","type":"page","link":"https:\/\/www.espaieventsmolins.com\/index.php\/es\/contacto-2\/","title":{"rendered":"Contacto"},"content":{"rendered":"<p style=\"text-align: justify;\">Para realizar tu reserva, ponte en contacto con&nbsp;<span style=\"color: #993300;\"><strong><em>lagraelladecancoll <\/em><\/strong><\/span>y te informaremos de todos los servicios, equipamientos y posibilidades de nuestro espacio para su mejor aprovechamiento y, garantizarte as\u00ed, un \u00e9xito absoluto en tu evento.<\/p>\n<p>Te ofrecemos un trato totalmente exclusivo, nos adaptamos a tus necesidades horarias, as\u00ed como ponemos a tu disposici\u00f3n cualquier servicio que necesites para que disfrutes de tu mejor d\u00eda.<\/p>\n<div role=\"form\" class=\"wpcf7\" id=\"wpcf7-f650-o1\" lang=\"es-ES\" dir=\"ltr\">\n<div class=\"screen-reader-response\"><p role=\"status\" aria-live=\"polite\" aria-atomic=\"true\"><\/p> <ul><\/ul><\/div>\n<form action=\"\/index.php\/wp-json\/wp\/v2\/pages\/373#wpcf7-f650-o1\" method=\"post\" class=\"wpcf7-form init\" novalidate=\"novalidate\" data-status=\"init\">\n<div style=\"display: none;\">\n<input type=\"hidden\" name=\"_wpcf7\" value=\"650\" \/>\n<input type=\"hidden\" name=\"_wpcf7_version\" value=\"5.5.2\" \/>\n<input type=\"hidden\" name=\"_wpcf7_locale\" value=\"es_ES\" \/>\n<input type=\"hidden\" name=\"_wpcf7_unit_tag\" value=\"wpcf7-f650-o1\" \/>\n<input type=\"hidden\" name=\"_wpcf7_container_post\" value=\"0\" \/>\n<input type=\"hidden\" name=\"_wpcf7_posted_data_hash\" value=\"\" \/>\n<\/div>\n<p><label> Nombre<br \/>\n    <span class=\"wpcf7-form-control-wrap your-name\"><input type=\"text\" name=\"your-name\" value=\"\" size=\"40\" class=\"wpcf7-form-control wpcf7-text wpcf7-validates-as-required\" aria-required=\"true\" aria-invalid=\"false\" \/><\/span> <\/label><\/p>\n<p><label> Correo electr\u00f3nico<br \/>\n    <span class=\"wpcf7-form-control-wrap your-email\"><input type=\"email\" name=\"your-email\" value=\"\" size=\"40\" class=\"wpcf7-form-control wpcf7-text wpcf7-email wpcf7-validates-as-required wpcf7-validates-as-email\" aria-required=\"true\" aria-invalid=\"false\" \/><\/span> <\/label><\/p>\n<p><label> Mensaje<br \/>\n    <span class=\"wpcf7-form-control-wrap your-message\"><textarea name=\"your-message\" cols=\"40\" rows=\"10\" class=\"wpcf7-form-control wpcf7-textarea\" aria-invalid=\"false\"><\/textarea><\/span> <\/label><\/p>\n<p><input type=\"submit\" value=\"Enviar\" class=\"wpcf7-form-control has-spinner wpcf7-submit\" \/><\/p>\n<p style=\"display: none !important;\"><label>&#916;<textarea name=\"_wpcf7_ak_hp_textarea\" cols=\"45\" rows=\"8\" maxlength=\"100\"><\/textarea><\/label><input type=\"hidden\" id=\"ak_js\" name=\"_wpcf7_ak_js\" value=\"181\"\/><script>document.getElementById( \"ak_js\" ).setAttribute( \"value\", ( new Date() ).getTime() );<\/script><\/p><div class=\"wpcf7-response-output\" aria-hidden=\"true\"><\/div><\/form><\/div>\n<p>Telf.: 639 35 30 70<br \/>\ne-mail: <span style=\"color: #993300;\"><strong>lagraelladecancoll@gmail.com<\/strong><\/span><br \/>\nDirecci\u00f3n: Carrer Raseta, 1 &#8211; 08750 Molins de Rei<br \/>\n<strong>A dos minutos caminando de la estaci\u00f3n de RENFE<\/strong><\/p>\n","protected":false},"excerpt":{"rendered":"<p>Para realizar tu reserva, ponte en contacto con&nbsp;lagraelladecancoll y te informaremos de todos los servicios, equipamientos y posibilidades de nuestro espacio para su mejor aprovechamiento y, garantizarte as\u00ed, un \u00e9xito absoluto en tu evento. Te ofrecemos un trato totalmente exclusivo, nos adaptamos a tus necesidades horarias, as\u00ed como ponemos a tu disposici\u00f3n cualquier servicio que&#8230; <\/p>\n<div class=\"link-more\"><a href=\"https:\/\/www.espaieventsmolins.com\/index.php\/es\/contacto-2\/\">Leer M\u00e1s<\/a><\/div>\n","protected":false},"author":1,"featured_media":0,"parent":0,"menu_order":0,"comment_status":"closed","ping_status":"closed","template":"","meta":[],"yoast_head":"<!-- This site is optimized with the Yoast SEO plugin v17.6 - https:\/\/yoast.com\/wordpress\/plugins\/seo\/ -->\n<title>Contacto -<\/title>\n<meta name=\"robots\" content=\"index, follow, max-snippet:-1, max-image-preview:large, max-video-preview:-1\" \/>\n<link rel=\"canonical\" href=\"https:\/\/www.espaieventsmolins.com\/index.php\/es\/contacto-2\/\" \/>\n<meta property=\"og:locale\" content=\"es_ES\" \/>\n<meta property=\"og:type\" content=\"article\" \/>\n<meta property=\"og:title\" content=\"Contacto -\" \/>\n<meta property=\"og:description\" content=\"Para realizar tu reserva, ponte en contacto con&nbsp;lagraelladecancoll y te informaremos de todos los servicios, equipamientos y posibilidades de nuestro espacio para su mejor aprovechamiento y, garantizarte as\u00ed, un \u00e9xito absoluto en tu evento. Te ofrecemos un trato totalmente exclusivo, nos adaptamos a tus necesidades horarias, as\u00ed como ponemos a tu disposici\u00f3n cualquier servicio que... Leer M\u00e1s\" \/>\n<meta property=\"og:url\" content=\"https:\/\/www.espaieventsmolins.com\/index.php\/es\/contacto-2\/\" \/>\n<meta property=\"article:publisher\" content=\"https:\/\/www.facebook.com\/espaieventsmolins\/\" \/>\n<meta property=\"article:modified_time\" content=\"2025-01-16T13:15:03+00:00\" \/>\n<meta name=\"twitter:card\" content=\"summary_large_image\" \/>\n<meta name=\"twitter:label1\" content=\"Tiempo de lectura\" \/>\n\t<meta name=\"twitter:data1\" content=\"1 minuto\" \/>\n<script type=\"application\/ld+json\" class=\"yoast-schema-graph\">{\"@context\":\"https:\/\/schema.org\",\"@graph\":[{\"@type\":\"Organization\",\"@id\":\"https:\/\/www.espaieventsmolins.com\/#organization\",\"name\":\"La graella de Can Coll\",\"url\":\"https:\/\/www.espaieventsmolins.com\/\",\"sameAs\":[\"https:\/\/www.facebook.com\/espaieventsmolins\/\",\"https:\/\/www.instagram.com\/lagraelladecancoll\/\"],\"logo\":{\"@type\":\"ImageObject\",\"@id\":\"https:\/\/www.espaieventsmolins.com\/#logo\",\"inLanguage\":\"es\",\"url\":\"http:\/\/www.espaieventsmolins.com\/wp-content\/uploads\/2018\/05\/cropped-can-coll4-1.jpg\",\"contentUrl\":\"http:\/\/www.espaieventsmolins.com\/wp-content\/uploads\/2018\/05\/cropped-can-coll4-1.jpg\",\"width\":752,\"height\":752,\"caption\":\"La graella de Can Coll\"},\"image\":{\"@id\":\"https:\/\/www.espaieventsmolins.com\/#logo\"}},{\"@type\":\"WebSite\",\"@id\":\"https:\/\/www.espaieventsmolins.com\/#website\",\"url\":\"https:\/\/www.espaieventsmolins.com\/\",\"name\":\"\",\"description\":\"\",\"publisher\":{\"@id\":\"https:\/\/www.espaieventsmolins.com\/#organization\"},\"potentialAction\":[{\"@type\":\"SearchAction\",\"target\":{\"@type\":\"EntryPoint\",\"urlTemplate\":\"https:\/\/www.espaieventsmolins.com\/?s={search_term_string}\"},\"query-input\":\"required name=search_term_string\"}],\"inLanguage\":\"es\"},{\"@type\":\"WebPage\",\"@id\":\"https:\/\/www.espaieventsmolins.com\/index.php\/es\/contacto-2\/#webpage\",\"url\":\"https:\/\/www.espaieventsmolins.com\/index.php\/es\/contacto-2\/\",\"name\":\"Contacto -\",\"isPartOf\":{\"@id\":\"https:\/\/www.espaieventsmolins.com\/#website\"},\"datePublished\":\"2018-05-31T17:55:17+00:00\",\"dateModified\":\"2025-01-16T13:15:03+00:00\",\"breadcrumb\":{\"@id\":\"https:\/\/www.espaieventsmolins.com\/index.php\/es\/contacto-2\/#breadcrumb\"},\"inLanguage\":\"es\",\"potentialAction\":[{\"@type\":\"ReadAction\",\"target\":[\"https:\/\/www.espaieventsmolins.com\/index.php\/es\/contacto-2\/\"]}]},{\"@type\":\"BreadcrumbList\",\"@id\":\"https:\/\/www.espaieventsmolins.com\/index.php\/es\/contacto-2\/#breadcrumb\",\"itemListElement\":[{\"@type\":\"ListItem\",\"position\":1,\"name\":\"Portada\",\"item\":\"https:\/\/www.espaieventsmolins.com\/\"},{\"@type\":\"ListItem\",\"position\":2,\"name\":\"Contacto\"}]}]}<\/script>\n<!-- \/ Yoast SEO plugin. -->","yoast_head_json":{"title":"Contacto -","robots":{"index":"index","follow":"follow","max-snippet":"max-snippet:-1","max-image-preview":"max-image-preview:large","max-video-preview":"max-video-preview:-1"},"canonical":"https:\/\/www.espaieventsmolins.com\/index.php\/es\/contacto-2\/","og_locale":"es_ES","og_type":"article","og_title":"Contacto -","og_description":"Para realizar tu reserva, ponte en contacto con&nbsp;lagraelladecancoll y te informaremos de todos los servicios, equipamientos y posibilidades de nuestro espacio para su mejor aprovechamiento y, garantizarte as\u00ed, un \u00e9xito absoluto en tu evento. Te ofrecemos un trato totalmente exclusivo, nos adaptamos a tus necesidades horarias, as\u00ed como ponemos a tu disposici\u00f3n cualquier servicio que... Leer M\u00e1s","og_url":"https:\/\/www.espaieventsmolins.com\/index.php\/es\/contacto-2\/","article_publisher":"https:\/\/www.facebook.com\/espaieventsmolins\/","article_modified_time":"2025-01-16T13:15:03+00:00","twitter_card":"summary_large_image","twitter_misc":{"Tiempo de lectura":"1 minuto"},"schema":{"@context":"https:\/\/schema.org","@graph":[{"@type":"Organization","@id":"https:\/\/www.espaieventsmolins.com\/#organization","name":"La graella de Can Coll","url":"https:\/\/www.espaieventsmolins.com\/","sameAs":["https:\/\/www.facebook.com\/espaieventsmolins\/","https:\/\/www.instagram.com\/lagraelladecancoll\/"],"logo":{"@type":"ImageObject","@id":"https:\/\/www.espaieventsmolins.com\/#logo","inLanguage":"es","url":"http:\/\/www.espaieventsmolins.com\/wp-content\/uploads\/2018\/05\/cropped-can-coll4-1.jpg","contentUrl":"http:\/\/www.espaieventsmolins.com\/wp-content\/uploads\/2018\/05\/cropped-can-coll4-1.jpg","width":752,"height":752,"caption":"La graella de Can Coll"},"image":{"@id":"https:\/\/www.espaieventsmolins.com\/#logo"}},{"@type":"WebSite","@id":"https:\/\/www.espaieventsmolins.com\/#website","url":"https:\/\/www.espaieventsmolins.com\/","name":"","description":"","publisher":{"@id":"https:\/\/www.espaieventsmolins.com\/#organization"},"potentialAction":[{"@type":"SearchAction","target":{"@type":"EntryPoint","urlTemplate":"https:\/\/www.espaieventsmolins.com\/?s={search_term_string}"},"query-input":"required name=search_term_string"}],"inLanguage":"es"},{"@type":"WebPage","@id":"https:\/\/www.espaieventsmolins.com\/index.php\/es\/contacto-2\/#webpage","url":"https:\/\/www.espaieventsmolins.com\/index.php\/es\/contacto-2\/","name":"Contacto -","isPartOf":{"@id":"https:\/\/www.espaieventsmolins.com\/#website"},"datePublished":"2018-05-31T17:55:17+00:00","dateModified":"2025-01-16T13:15:03+00:00","breadcrumb":{"@id":"https:\/\/www.espaieventsmolins.com\/index.php\/es\/contacto-2\/#breadcrumb"},"inLanguage":"es","potentialAction":[{"@type":"ReadAction","target":["https:\/\/www.espaieventsmolins.com\/index.php\/es\/contacto-2\/"]}]},{"@type":"BreadcrumbList","@id":"https:\/\/www.espaieventsmolins.com\/index.php\/es\/contacto-2\/#breadcrumb","itemListElement":[{"@type":"ListItem","position":1,"name":"Portada","item":"https:\/\/www.espaieventsmolins.com\/"},{"@type":"ListItem","position":2,"name":"Contacto"}]}]}},"_links":{"self":[{"href":"https:\/\/www.espaieventsmolins.com\/index.php\/wp-json\/wp\/v2\/pages\/373"}],"collection":[{"href":"https:\/\/www.espaieventsmolins.com\/index.php\/wp-json\/wp\/v2\/pages"}],"about":[{"href":"https:\/\/www.espaieventsmolins.com\/index.php\/wp-json\/wp\/v2\/types\/page"}],"author":[{"embeddable":true,"href":"https:\/\/www.espaieventsmolins.com\/index.php\/wp-json\/wp\/v2\/users\/1"}],"replies":[{"embeddable":true,"href":"https:\/\/www.espaieventsmolins.com\/index.php\/wp-json\/wp\/v2\/comments?post=373"}],"version-history":[{"count":5,"href":"https:\/\/www.espaieventsmolins.com\/index.php\/wp-json\/wp\/v2\/pages\/373\/revisions"}],"predecessor-version":[{"id":1614,"href":"https:\/\/www.espaieventsmolins.com\/index.php\/wp-json\/wp\/v2\/pages\/373\/revisions\/1614"}],"wp:attachment":[{"href":"https:\/\/www.espaieventsmolins.com\/index.php\/wp-json\/wp\/v2\/media?parent=373"}],"curies":[{"name":"wp","href":"https:\/\/api.w.org\/{rel}","templated":true}]}}