{"id":348,"date":"2018-05-31T19:30:22","date_gmt":"2018-05-31T17:30:22","guid":{"rendered":"https:\/\/espaieventsmolins.com\/?page_id=348"},"modified":"2026-01-03T11:13:58","modified_gmt":"2026-01-03T11:13:58","slug":"lista-de-precios-de-consumibles","status":"publish","type":"page","link":"https:\/\/www.espaieventsmolins.com\/index.php\/es\/lista-de-precios-de-consumibles\/","title":{"rendered":"Lista de precios de consumibles"},"content":{"rendered":"<p><span style=\"color: #993300;\"><strong>LE\u00d1A Y CARB\u00d3N<br \/>\n<\/strong><\/span><\/p>\n<p><strong>SACO DE CARB\u00d3N<\/strong>. (para la barbacoa):<br \/>\nPrimer saco 35.-\u20ac., posteriores 20.-\u20ac.<\/p>\n<p><strong>FAJO DE LE\u00d1A<\/strong>. (para el horno o barbacoa):<br \/>\nPara el horno: Primer fajo 22.-\u20ac., posteriores 10.-\u20ac.<br \/>\nPara la barbacoa: Primer fajo 25.-\u20ac., posteriores 10.-\u20ac<\/p>\n","protected":false},"excerpt":{"rendered":"<p>LE\u00d1A Y CARB\u00d3N SACO DE CARB\u00d3N. (para la barbacoa): Primer saco 35.-\u20ac., posteriores 20.-\u20ac. FAJO DE LE\u00d1A. (para el horno o barbacoa): Para el horno: Primer fajo 22.-\u20ac., posteriores 10.-\u20ac. Para la barbacoa: Primer fajo 25.-\u20ac., posteriores 10.-\u20ac<\/p>\n","protected":false},"author":1,"featured_media":0,"parent":0,"menu_order":0,"comment_status":"closed","ping_status":"closed","template":"","meta":[],"yoast_head":"<!-- This site is optimized with the Yoast SEO plugin v17.6 - https:\/\/yoast.com\/wordpress\/plugins\/seo\/ -->\n<title>Lista de precios de consumibles -<\/title>\n<meta name=\"robots\" content=\"index, follow, max-snippet:-1, max-image-preview:large, max-video-preview:-1\" \/>\n<link rel=\"canonical\" href=\"https:\/\/www.espaieventsmolins.com\/index.php\/es\/lista-de-precios-de-consumibles\/\" \/>\n<meta property=\"og:locale\" content=\"es_ES\" \/>\n<meta property=\"og:type\" content=\"article\" \/>\n<meta property=\"og:title\" content=\"Lista de precios de consumibles -\" \/>\n<meta property=\"og:description\" content=\"LE\u00d1A Y CARB\u00d3N SACO DE CARB\u00d3N. (para la barbacoa): Primer saco 35.-\u20ac., posteriores 20.-\u20ac. FAJO DE LE\u00d1A. (para el horno o barbacoa): Para el horno: Primer fajo 22.-\u20ac., posteriores 10.-\u20ac. Para la barbacoa: Primer fajo 25.-\u20ac., posteriores 10.-\u20ac\" \/>\n<meta property=\"og:url\" content=\"https:\/\/www.espaieventsmolins.com\/index.php\/es\/lista-de-precios-de-consumibles\/\" \/>\n<meta property=\"article:publisher\" content=\"https:\/\/www.facebook.com\/espaieventsmolins\/\" \/>\n<meta property=\"article:modified_time\" content=\"2026-01-03T11:13:58+00:00\" \/>\n<meta name=\"twitter:card\" content=\"summary_large_image\" \/>\n<meta name=\"twitter:label1\" content=\"Tiempo de lectura\" \/>\n\t<meta name=\"twitter:data1\" content=\"1 minuto\" \/>\n<script type=\"application\/ld+json\" class=\"yoast-schema-graph\">{\"@context\":\"https:\/\/schema.org\",\"@graph\":[{\"@type\":\"Organization\",\"@id\":\"https:\/\/www.espaieventsmolins.com\/#organization\",\"name\":\"La graella de Can Coll\",\"url\":\"https:\/\/www.espaieventsmolins.com\/\",\"sameAs\":[\"https:\/\/www.facebook.com\/espaieventsmolins\/\",\"https:\/\/www.instagram.com\/lagraelladecancoll\/\"],\"logo\":{\"@type\":\"ImageObject\",\"@id\":\"https:\/\/www.espaieventsmolins.com\/#logo\",\"inLanguage\":\"es\",\"url\":\"http:\/\/www.espaieventsmolins.com\/wp-content\/uploads\/2018\/05\/cropped-can-coll4-1.jpg\",\"contentUrl\":\"http:\/\/www.espaieventsmolins.com\/wp-content\/uploads\/2018\/05\/cropped-can-coll4-1.jpg\",\"width\":752,\"height\":752,\"caption\":\"La graella de Can Coll\"},\"image\":{\"@id\":\"https:\/\/www.espaieventsmolins.com\/#logo\"}},{\"@type\":\"WebSite\",\"@id\":\"https:\/\/www.espaieventsmolins.com\/#website\",\"url\":\"https:\/\/www.espaieventsmolins.com\/\",\"name\":\"\",\"description\":\"\",\"publisher\":{\"@id\":\"https:\/\/www.espaieventsmolins.com\/#organization\"},\"potentialAction\":[{\"@type\":\"SearchAction\",\"target\":{\"@type\":\"EntryPoint\",\"urlTemplate\":\"https:\/\/www.espaieventsmolins.com\/?s={search_term_string}\"},\"query-input\":\"required name=search_term_string\"}],\"inLanguage\":\"es\"},{\"@type\":\"WebPage\",\"@id\":\"https:\/\/www.espaieventsmolins.com\/index.php\/es\/lista-de-precios-de-consumibles\/#webpage\",\"url\":\"https:\/\/www.espaieventsmolins.com\/index.php\/es\/lista-de-precios-de-consumibles\/\",\"name\":\"Lista de precios de consumibles -\",\"isPartOf\":{\"@id\":\"https:\/\/www.espaieventsmolins.com\/#website\"},\"datePublished\":\"2018-05-31T17:30:22+00:00\",\"dateModified\":\"2026-01-03T11:13:58+00:00\",\"breadcrumb\":{\"@id\":\"https:\/\/www.espaieventsmolins.com\/index.php\/es\/lista-de-precios-de-consumibles\/#breadcrumb\"},\"inLanguage\":\"es\",\"potentialAction\":[{\"@type\":\"ReadAction\",\"target\":[\"https:\/\/www.espaieventsmolins.com\/index.php\/es\/lista-de-precios-de-consumibles\/\"]}]},{\"@type\":\"BreadcrumbList\",\"@id\":\"https:\/\/www.espaieventsmolins.com\/index.php\/es\/lista-de-precios-de-consumibles\/#breadcrumb\",\"itemListElement\":[{\"@type\":\"ListItem\",\"position\":1,\"name\":\"Portada\",\"item\":\"https:\/\/www.espaieventsmolins.com\/\"},{\"@type\":\"ListItem\",\"position\":2,\"name\":\"Lista de precios de consumibles\"}]}]}<\/script>\n<!-- \/ Yoast SEO plugin. -->","yoast_head_json":{"title":"Lista de precios de consumibles -","robots":{"index":"index","follow":"follow","max-snippet":"max-snippet:-1","max-image-preview":"max-image-preview:large","max-video-preview":"max-video-preview:-1"},"canonical":"https:\/\/www.espaieventsmolins.com\/index.php\/es\/lista-de-precios-de-consumibles\/","og_locale":"es_ES","og_type":"article","og_title":"Lista de precios de consumibles -","og_description":"LE\u00d1A Y CARB\u00d3N SACO DE CARB\u00d3N. (para la barbacoa): Primer saco 35.-\u20ac., posteriores 20.-\u20ac. FAJO DE LE\u00d1A. (para el horno o barbacoa): Para el horno: Primer fajo 22.-\u20ac., posteriores 10.-\u20ac. Para la barbacoa: Primer fajo 25.-\u20ac., posteriores 10.-\u20ac","og_url":"https:\/\/www.espaieventsmolins.com\/index.php\/es\/lista-de-precios-de-consumibles\/","article_publisher":"https:\/\/www.facebook.com\/espaieventsmolins\/","article_modified_time":"2026-01-03T11:13:58+00:00","twitter_card":"summary_large_image","twitter_misc":{"Tiempo de lectura":"1 minuto"},"schema":{"@context":"https:\/\/schema.org","@graph":[{"@type":"Organization","@id":"https:\/\/www.espaieventsmolins.com\/#organization","name":"La graella de Can Coll","url":"https:\/\/www.espaieventsmolins.com\/","sameAs":["https:\/\/www.facebook.com\/espaieventsmolins\/","https:\/\/www.instagram.com\/lagraelladecancoll\/"],"logo":{"@type":"ImageObject","@id":"https:\/\/www.espaieventsmolins.com\/#logo","inLanguage":"es","url":"http:\/\/www.espaieventsmolins.com\/wp-content\/uploads\/2018\/05\/cropped-can-coll4-1.jpg","contentUrl":"http:\/\/www.espaieventsmolins.com\/wp-content\/uploads\/2018\/05\/cropped-can-coll4-1.jpg","width":752,"height":752,"caption":"La graella de Can Coll"},"image":{"@id":"https:\/\/www.espaieventsmolins.com\/#logo"}},{"@type":"WebSite","@id":"https:\/\/www.espaieventsmolins.com\/#website","url":"https:\/\/www.espaieventsmolins.com\/","name":"","description":"","publisher":{"@id":"https:\/\/www.espaieventsmolins.com\/#organization"},"potentialAction":[{"@type":"SearchAction","target":{"@type":"EntryPoint","urlTemplate":"https:\/\/www.espaieventsmolins.com\/?s={search_term_string}"},"query-input":"required name=search_term_string"}],"inLanguage":"es"},{"@type":"WebPage","@id":"https:\/\/www.espaieventsmolins.com\/index.php\/es\/lista-de-precios-de-consumibles\/#webpage","url":"https:\/\/www.espaieventsmolins.com\/index.php\/es\/lista-de-precios-de-consumibles\/","name":"Lista de precios de consumibles -","isPartOf":{"@id":"https:\/\/www.espaieventsmolins.com\/#website"},"datePublished":"2018-05-31T17:30:22+00:00","dateModified":"2026-01-03T11:13:58+00:00","breadcrumb":{"@id":"https:\/\/www.espaieventsmolins.com\/index.php\/es\/lista-de-precios-de-consumibles\/#breadcrumb"},"inLanguage":"es","potentialAction":[{"@type":"ReadAction","target":["https:\/\/www.espaieventsmolins.com\/index.php\/es\/lista-de-precios-de-consumibles\/"]}]},{"@type":"BreadcrumbList","@id":"https:\/\/www.espaieventsmolins.com\/index.php\/es\/lista-de-precios-de-consumibles\/#breadcrumb","itemListElement":[{"@type":"ListItem","position":1,"name":"Portada","item":"https:\/\/www.espaieventsmolins.com\/"},{"@type":"ListItem","position":2,"name":"Lista de precios de consumibles"}]}]}},"_links":{"self":[{"href":"https:\/\/www.espaieventsmolins.com\/index.php\/wp-json\/wp\/v2\/pages\/348"}],"collection":[{"href":"https:\/\/www.espaieventsmolins.com\/index.php\/wp-json\/wp\/v2\/pages"}],"about":[{"href":"https:\/\/www.espaieventsmolins.com\/index.php\/wp-json\/wp\/v2\/types\/page"}],"author":[{"embeddable":true,"href":"https:\/\/www.espaieventsmolins.com\/index.php\/wp-json\/wp\/v2\/users\/1"}],"replies":[{"embeddable":true,"href":"https:\/\/www.espaieventsmolins.com\/index.php\/wp-json\/wp\/v2\/comments?post=348"}],"version-history":[{"count":9,"href":"https:\/\/www.espaieventsmolins.com\/index.php\/wp-json\/wp\/v2\/pages\/348\/revisions"}],"predecessor-version":[{"id":1706,"href":"https:\/\/www.espaieventsmolins.com\/index.php\/wp-json\/wp\/v2\/pages\/348\/revisions\/1706"}],"wp:attachment":[{"href":"https:\/\/www.espaieventsmolins.com\/index.php\/wp-json\/wp\/v2\/media?parent=348"}],"curies":[{"name":"wp","href":"https:\/\/api.w.org\/{rel}","templated":true}]}}