{"id":330,"date":"2018-05-31T19:14:12","date_gmt":"2018-05-31T17:14:12","guid":{"rendered":"https:\/\/espaieventsmolins.com\/?page_id=330"},"modified":"2026-01-03T11:10:23","modified_gmt":"2026-01-03T11:10:23","slug":"funcionamiento-y-precios","status":"publish","type":"page","link":"https:\/\/www.espaieventsmolins.com\/index.php\/es\/funcionamiento-y-precios\/","title":{"rendered":"Funcionamiento y precios"},"content":{"rendered":"<p style=\"text-align: justify;\"><strong><span style=\"color: #993300;\">FUNCIONAMIENTO ALQUILER B\u00c1SICO<br \/>\n<\/span><\/strong><\/p>\n<p style=\"text-align: justify;\">Incluye el uso de las instalaciones as\u00ed como del equipamiento b\u00e1sico.<\/p>\n<p><strong>El arrendatario, de no haber contratado el servicio de limpieza, se obliga a; barrer el local, retirar las basuras generadas y dejar el mobiliario como y donde lo encontr\u00f3, de no realizarse tiene un coste a\u00f1adido de 35.-\u20ac, y de haber contratado el servicio de limpieza, este no exime de la retirada de elementos de decoraci\u00f3n aportados por la parte arrendataria, o de objetos utilizados en la fiesta como; confetis, globos, etc&#8230; En este caso se descontar\u00e1 de la fianza el tiempo que requiera tal efecto.<\/strong><\/p>\n<p style=\"text-align: justify;\">Se podr\u00e1 alargar la estancia avisando una hora antes de la hora de salida, siempre que \u00e9sta no exceda del horario permitido por las ordenanzas municipales.<strong> El precio hora a\u00f1adida ser\u00e1 de: 50.-\u20ac de lunes a viernes<\/strong><strong>; y\u00a0 de 60.-\u20ac\u00a0 los d\u00edas de fiestas se\u00f1aladas.<\/strong><\/p>\n<p style=\"text-align: justify;\">Para la utilizaci\u00f3n de nuestra barbacoa o nuestro horno, utilizar\u00e1 <strong>siempre<\/strong> nuestro carb\u00f3n o nuestra le\u00f1a, y seg\u00fan nuestras indicaciones de uso:<\/p>\n<p style=\"text-align: justify;\">-Barbacoa:<br \/>\nSiempre se utilizar\u00e1 nuestro carb\u00f3n, excepto cuando se cuezan cal\u00e7ots, que entonces se utilizar\u00e1n nuestros fajos de le\u00f1a delgada de pino. Para la encendida se podr\u00e1 utilizar un producto combustible espec\u00edfico para este prop\u00f3sito facilitado por <em><span style=\"color: #993300;\"><strong>lagraelladecancoll.<\/strong><\/span><\/em><\/p>\n<p style=\"text-align: justify;\">-Horno:<br \/>\nEs muy importante no contaminar la porosidad de \u00e9ste con resinas de maderas no adecuadas as\u00ed como productos combustibles para la encendida. Siempre se utilizar\u00e1n nuestros fajos de le\u00f1a de encina o de olivo y papel para la encendida.<\/p>\n<p><strong>Consultar:<\/strong>\u00a0<em><strong><span style=\"color: #800000;\"><a style=\"color: #800000;\" href=\"http:\/\/www.espaieventsmolins.com\/index.php\/es\/normas-de-uso\/\">NORMAS DE USO<\/a><\/span><\/strong><\/em><\/p>\n<p style=\"text-align: justify;\"><strong><span style=\"color: #993300;\">PRECIO ALQUILER B\u00c1SICO<br \/>\n<\/span><\/strong><\/p>\n<form class=\"formulari form-horizontal\">\n<div class=\"traductor-textarea form-group\">\n<div class=\"textarea-desti col-xs-12 col-sm-6\">\n<div class=\"form-control second-textarea\"><strong>DE LUNES A VIERNES (NO FESTIVOS)<\/strong><\/div>\n<div><\/div>\n<div class=\"form-control second-textarea\">-De 10h. a 23h. Precio: 360.-\u20ac<\/div>\n<div class=\"form-control second-textarea\">Consultar otros horarios. (M\u00ednimo 6 horas. Precio hora 50.-\u20ac)<\/div>\n<p><strong>S\u00c1BADO\/DOMINGO\/FESTIVOS <span style=\"color: #993300;\">*<\/span><\/strong><br \/>\n-De 10h. a 23h. Precio: 380.-\u20ac<\/p>\n<p><strong><span style=\"color: #993300;\">*<\/span> En los festivos no se incluyen fiestas se\u00f1aladas.<\/strong><\/p>\n<p><strong>\u00a0<\/strong><\/p>\n<\/div>\n<p style=\"text-align: justify;\"><span style=\"color: #993300;\"><strong>FIESTAS SE\u00d1ALADAS<\/strong><\/span><\/p>\n<p style=\"text-align: justify;\"><span style=\"color: #000000;\"><strong>-Verbena de San Juan; Noche de fin de a\u00f1o; Noche de Navidad; Noche de reyes; Casta\u00f1ada.<\/strong><br \/>\n<strong>-Navidad; San Esteban; D\u00eda de reyes; D\u00eda primero de a\u00f1o; Lunes de pascua.<\/strong><\/span><\/p>\n<p style=\"text-align: justify;\"><strong>VERBENA, NOCHES Y CASTA\u00d1ADA<\/strong><br \/>\n-De 19h. a 2h. Precio: 450.-\u20ac<br \/>\n<strong>OTRAS<\/strong><br \/>\n-De 11h. a 19h. Precio: 450.-\u20ac<\/p>\n<p>-Hora extra: 60.-\u20ac<\/p>\n<p><strong><span style=\"color: #993300;\">PRECIOS ESPECIALES PARA SOCIEDADES GASTRON\u00d3MICAS U OTROS ACONTECIMIENTOS.<\/span><\/strong><\/p>\n<p>Seg\u00fan la periodicidad de contrataci\u00f3n se disfrutar\u00e1 de un descuento respecto al precio de <strong>ALQUILER B\u00c1SICO*<\/strong>:<br \/>\n-10% si es semanal.<br \/>\n-5% si es quincenal.<\/p>\n<p>* No se incluyen fiestas se\u00f1aladas.<\/p>\n<p><span style=\"color: #800000;\"><em><strong><a style=\"color: #800000;\" href=\"http:\/\/www.espaieventsmolins.com\/index.php\/es\/normas-de-uso\/\">NORMAS DE USO<\/a><\/strong><\/em><\/span><\/p>\n<p style=\"text-align: justify;\"><span style=\"color: #800000;\"><strong><em><a style=\"color: #800000;\" href=\"http:\/\/www.espaieventsmolins.com\/index.php\/es\/lista-de-precios-de-equipamiento-opcional\/\" target=\"_blank\" rel=\"noopener\">LISTA DE PRECIOS DE EQUIPAMIENTO Y SERVICIOS OPCIONALES<\/a><\/em><\/strong><\/span><\/p>\n<p style=\"text-align: justify;\"><span style=\"color: #800000;\"><strong><a style=\"color: #800000;\" href=\"http:\/\/www.espaieventsmolins.com\/index.php\/es\/lista-de-precios-de-consumibles\/\" target=\"_blank\" rel=\"noopener\"><em>LISTA DE PRECIOS DE CONSUMIBLES<\/em><\/a><\/strong><\/span><\/p>\n<p style=\"text-align: justify;\"><strong>SERVICIOS OPCIONALES<\/strong><br \/>\n<em><span style=\"color: #800000;\"><strong><a style=\"color: #800000;\" href=\"http:\/\/www.espaieventsmolins.com\/index.php\/es\/contacto-2\/\">CONSULTAR PRECIOS<\/a><\/strong><\/span><\/em><\/p>\n<p style=\"text-align: justify;\"><strong>\u00a0<\/strong><\/p>\n<\/div>\n<p><strong>\u00a0<\/strong><\/p>\n<\/form>\n","protected":false},"excerpt":{"rendered":"<p>FUNCIONAMIENTO ALQUILER B\u00c1SICO Incluye el uso de las instalaciones as\u00ed como del equipamiento b\u00e1sico. El arrendatario, de no haber contratado el servicio de limpieza, se obliga a; barrer el local, retirar las basuras generadas y dejar el mobiliario como y donde lo encontr\u00f3, de no realizarse tiene un coste a\u00f1adido de 35.-\u20ac, y de haber&#8230; <\/p>\n<div class=\"link-more\"><a href=\"https:\/\/www.espaieventsmolins.com\/index.php\/es\/funcionamiento-y-precios\/\">Leer M\u00e1s<\/a><\/div>\n","protected":false},"author":1,"featured_media":0,"parent":0,"menu_order":0,"comment_status":"closed","ping_status":"closed","template":"","meta":[],"yoast_head":"<!-- This site is optimized with the Yoast SEO plugin v17.6 - https:\/\/yoast.com\/wordpress\/plugins\/seo\/ -->\n<title>Funcionamiento y precios -<\/title>\n<meta name=\"robots\" content=\"index, follow, max-snippet:-1, max-image-preview:large, max-video-preview:-1\" \/>\n<link rel=\"canonical\" href=\"https:\/\/www.espaieventsmolins.com\/index.php\/es\/funcionamiento-y-precios\/\" \/>\n<meta property=\"og:locale\" content=\"es_ES\" \/>\n<meta property=\"og:type\" content=\"article\" \/>\n<meta property=\"og:title\" content=\"Funcionamiento y precios -\" \/>\n<meta property=\"og:description\" content=\"FUNCIONAMIENTO ALQUILER B\u00c1SICO Incluye el uso de las instalaciones as\u00ed como del equipamiento b\u00e1sico. El arrendatario, de no haber contratado el servicio de limpieza, se obliga a; barrer el local, retirar las basuras generadas y dejar el mobiliario como y donde lo encontr\u00f3, de no realizarse tiene un coste a\u00f1adido de 35.-\u20ac, y de haber... Leer M\u00e1s\" \/>\n<meta property=\"og:url\" content=\"https:\/\/www.espaieventsmolins.com\/index.php\/es\/funcionamiento-y-precios\/\" \/>\n<meta property=\"article:publisher\" content=\"https:\/\/www.facebook.com\/espaieventsmolins\/\" \/>\n<meta property=\"article:modified_time\" content=\"2026-01-03T11:10:23+00:00\" \/>\n<meta name=\"twitter:card\" content=\"summary_large_image\" \/>\n<meta name=\"twitter:label1\" content=\"Tiempo de lectura\" \/>\n\t<meta name=\"twitter:data1\" content=\"2 minutos\" \/>\n<script type=\"application\/ld+json\" class=\"yoast-schema-graph\">{\"@context\":\"https:\/\/schema.org\",\"@graph\":[{\"@type\":\"Organization\",\"@id\":\"https:\/\/www.espaieventsmolins.com\/#organization\",\"name\":\"La graella de Can Coll\",\"url\":\"https:\/\/www.espaieventsmolins.com\/\",\"sameAs\":[\"https:\/\/www.facebook.com\/espaieventsmolins\/\",\"https:\/\/www.instagram.com\/lagraelladecancoll\/\"],\"logo\":{\"@type\":\"ImageObject\",\"@id\":\"https:\/\/www.espaieventsmolins.com\/#logo\",\"inLanguage\":\"es\",\"url\":\"http:\/\/www.espaieventsmolins.com\/wp-content\/uploads\/2018\/05\/cropped-can-coll4-1.jpg\",\"contentUrl\":\"http:\/\/www.espaieventsmolins.com\/wp-content\/uploads\/2018\/05\/cropped-can-coll4-1.jpg\",\"width\":752,\"height\":752,\"caption\":\"La graella de Can Coll\"},\"image\":{\"@id\":\"https:\/\/www.espaieventsmolins.com\/#logo\"}},{\"@type\":\"WebSite\",\"@id\":\"https:\/\/www.espaieventsmolins.com\/#website\",\"url\":\"https:\/\/www.espaieventsmolins.com\/\",\"name\":\"\",\"description\":\"\",\"publisher\":{\"@id\":\"https:\/\/www.espaieventsmolins.com\/#organization\"},\"potentialAction\":[{\"@type\":\"SearchAction\",\"target\":{\"@type\":\"EntryPoint\",\"urlTemplate\":\"https:\/\/www.espaieventsmolins.com\/?s={search_term_string}\"},\"query-input\":\"required name=search_term_string\"}],\"inLanguage\":\"es\"},{\"@type\":\"WebPage\",\"@id\":\"https:\/\/www.espaieventsmolins.com\/index.php\/es\/funcionamiento-y-precios\/#webpage\",\"url\":\"https:\/\/www.espaieventsmolins.com\/index.php\/es\/funcionamiento-y-precios\/\",\"name\":\"Funcionamiento y precios -\",\"isPartOf\":{\"@id\":\"https:\/\/www.espaieventsmolins.com\/#website\"},\"datePublished\":\"2018-05-31T17:14:12+00:00\",\"dateModified\":\"2026-01-03T11:10:23+00:00\",\"breadcrumb\":{\"@id\":\"https:\/\/www.espaieventsmolins.com\/index.php\/es\/funcionamiento-y-precios\/#breadcrumb\"},\"inLanguage\":\"es\",\"potentialAction\":[{\"@type\":\"ReadAction\",\"target\":[\"https:\/\/www.espaieventsmolins.com\/index.php\/es\/funcionamiento-y-precios\/\"]}]},{\"@type\":\"BreadcrumbList\",\"@id\":\"https:\/\/www.espaieventsmolins.com\/index.php\/es\/funcionamiento-y-precios\/#breadcrumb\",\"itemListElement\":[{\"@type\":\"ListItem\",\"position\":1,\"name\":\"Portada\",\"item\":\"https:\/\/www.espaieventsmolins.com\/\"},{\"@type\":\"ListItem\",\"position\":2,\"name\":\"Funcionamiento y precios\"}]}]}<\/script>\n<!-- \/ Yoast SEO plugin. -->","yoast_head_json":{"title":"Funcionamiento y precios -","robots":{"index":"index","follow":"follow","max-snippet":"max-snippet:-1","max-image-preview":"max-image-preview:large","max-video-preview":"max-video-preview:-1"},"canonical":"https:\/\/www.espaieventsmolins.com\/index.php\/es\/funcionamiento-y-precios\/","og_locale":"es_ES","og_type":"article","og_title":"Funcionamiento y precios -","og_description":"FUNCIONAMIENTO ALQUILER B\u00c1SICO Incluye el uso de las instalaciones as\u00ed como del equipamiento b\u00e1sico. El arrendatario, de no haber contratado el servicio de limpieza, se obliga a; barrer el local, retirar las basuras generadas y dejar el mobiliario como y donde lo encontr\u00f3, de no realizarse tiene un coste a\u00f1adido de 35.-\u20ac, y de haber... Leer M\u00e1s","og_url":"https:\/\/www.espaieventsmolins.com\/index.php\/es\/funcionamiento-y-precios\/","article_publisher":"https:\/\/www.facebook.com\/espaieventsmolins\/","article_modified_time":"2026-01-03T11:10:23+00:00","twitter_card":"summary_large_image","twitter_misc":{"Tiempo de lectura":"2 minutos"},"schema":{"@context":"https:\/\/schema.org","@graph":[{"@type":"Organization","@id":"https:\/\/www.espaieventsmolins.com\/#organization","name":"La graella de Can Coll","url":"https:\/\/www.espaieventsmolins.com\/","sameAs":["https:\/\/www.facebook.com\/espaieventsmolins\/","https:\/\/www.instagram.com\/lagraelladecancoll\/"],"logo":{"@type":"ImageObject","@id":"https:\/\/www.espaieventsmolins.com\/#logo","inLanguage":"es","url":"http:\/\/www.espaieventsmolins.com\/wp-content\/uploads\/2018\/05\/cropped-can-coll4-1.jpg","contentUrl":"http:\/\/www.espaieventsmolins.com\/wp-content\/uploads\/2018\/05\/cropped-can-coll4-1.jpg","width":752,"height":752,"caption":"La graella de Can Coll"},"image":{"@id":"https:\/\/www.espaieventsmolins.com\/#logo"}},{"@type":"WebSite","@id":"https:\/\/www.espaieventsmolins.com\/#website","url":"https:\/\/www.espaieventsmolins.com\/","name":"","description":"","publisher":{"@id":"https:\/\/www.espaieventsmolins.com\/#organization"},"potentialAction":[{"@type":"SearchAction","target":{"@type":"EntryPoint","urlTemplate":"https:\/\/www.espaieventsmolins.com\/?s={search_term_string}"},"query-input":"required name=search_term_string"}],"inLanguage":"es"},{"@type":"WebPage","@id":"https:\/\/www.espaieventsmolins.com\/index.php\/es\/funcionamiento-y-precios\/#webpage","url":"https:\/\/www.espaieventsmolins.com\/index.php\/es\/funcionamiento-y-precios\/","name":"Funcionamiento y precios -","isPartOf":{"@id":"https:\/\/www.espaieventsmolins.com\/#website"},"datePublished":"2018-05-31T17:14:12+00:00","dateModified":"2026-01-03T11:10:23+00:00","breadcrumb":{"@id":"https:\/\/www.espaieventsmolins.com\/index.php\/es\/funcionamiento-y-precios\/#breadcrumb"},"inLanguage":"es","potentialAction":[{"@type":"ReadAction","target":["https:\/\/www.espaieventsmolins.com\/index.php\/es\/funcionamiento-y-precios\/"]}]},{"@type":"BreadcrumbList","@id":"https:\/\/www.espaieventsmolins.com\/index.php\/es\/funcionamiento-y-precios\/#breadcrumb","itemListElement":[{"@type":"ListItem","position":1,"name":"Portada","item":"https:\/\/www.espaieventsmolins.com\/"},{"@type":"ListItem","position":2,"name":"Funcionamiento y precios"}]}]}},"_links":{"self":[{"href":"https:\/\/www.espaieventsmolins.com\/index.php\/wp-json\/wp\/v2\/pages\/330"}],"collection":[{"href":"https:\/\/www.espaieventsmolins.com\/index.php\/wp-json\/wp\/v2\/pages"}],"about":[{"href":"https:\/\/www.espaieventsmolins.com\/index.php\/wp-json\/wp\/v2\/types\/page"}],"author":[{"embeddable":true,"href":"https:\/\/www.espaieventsmolins.com\/index.php\/wp-json\/wp\/v2\/users\/1"}],"replies":[{"embeddable":true,"href":"https:\/\/www.espaieventsmolins.com\/index.php\/wp-json\/wp\/v2\/comments?post=330"}],"version-history":[{"count":53,"href":"https:\/\/www.espaieventsmolins.com\/index.php\/wp-json\/wp\/v2\/pages\/330\/revisions"}],"predecessor-version":[{"id":1704,"href":"https:\/\/www.espaieventsmolins.com\/index.php\/wp-json\/wp\/v2\/pages\/330\/revisions\/1704"}],"wp:attachment":[{"href":"https:\/\/www.espaieventsmolins.com\/index.php\/wp-json\/wp\/v2\/media?parent=330"}],"curies":[{"name":"wp","href":"https:\/\/api.w.org\/{rel}","templated":true}]}}